{"id":471,"date":"2024-02-07T09:18:57","date_gmt":"2024-02-07T08:18:57","guid":{"rendered":"https:\/\/travelnetsoft.de\/?page_id=471"},"modified":"2024-02-07T11:12:06","modified_gmt":"2024-02-07T10:12:06","slug":"tns-partnership","status":"publish","type":"page","link":"https:\/\/travelnetsoft.de\/de\/tns-partnership\/","title":{"rendered":"TNS-Partnerschaft"},"content":{"rendered":"<div id=\"fws_69edcaa7bb854\"  data-column-margin=\"none\" data-midnight=\"dark\"  class=\"wpb_row vc_row-fluid vc_row full-width-content vc_row-o-full-height vc_row-o-columns-middle vc_row-o-equal-height vc_row-flex vc_row-o-content-middle  nectar-overflow-hidden\"  style=\"padding-top: 0px; padding-bottom: 0px; \"><div class=\"row-bg-wrap\" data-bg-animation=\"none\" data-bg-animation-delay=\"\" data-bg-overlay=\"false\"><div class=\"inner-wrap row-bg-layer\" ><div class=\"row-bg viewport-desktop\"  style=\"\"><\/div><\/div><\/div><div class=\"row_col_wrap_12 col span_12 dark left\">\n\t<div  class=\"vc_col-sm-6 wpb_column column_container vc_column_container col left_padding_desktop_7vw top_padding_desktop_4vw right_padding_desktop_7vw bottom_padding_desktop_6vw\"  data-padding-pos=\"all\" data-has-bg-color=\"false\" data-bg-color=\"\" data-bg-opacity=\"1\" data-animation=\"\" data-delay=\"0\" >\n\t\t<div class=\"vc_column-inner\" >\n\t\t\t<div class=\"wpb_wrapper\">\n\t\t\t\t<div id=\"fws_69edcaa7bc051\" data-midnight=\"\" data-column-margin=\"none\" class=\"wpb_row vc_row-fluid vc_row inner_row  right_padding_10pct top_padding_tablet_10pct top_padding_phone_16pct\"  style=\"padding-top: 5%; \"><div class=\"row-bg-wrap\"> <div class=\"row-bg\" ><\/div> <\/div><div class=\"row_col_wrap_12_inner col span_12  left\">\n\t<div  class=\"vc_col-sm-12 wpb_column column_container vc_column_container col child_column has-animation no-extra-padding el_spacing_0px inherit_tablet inherit_phone mobile-disable-entrance-animation\"   data-padding-pos=\"all\" data-has-bg-color=\"false\" data-bg-color=\"\" data-bg-opacity=\"1\" data-animation=\"fade-in-from-bottom\" data-delay=\"900\" >\n\t\t<div class=\"vc_column-inner\" >\n\t\t<div class=\"wpb_wrapper\">\n\t\t\t<div class=\"nectar-highlighted-text font_size_50px font_size_tablet_7vw font_line_height_1-1em nectar-disable-mobile-animation\" data-style=\"scribble\" data-exp=\"default\" data-using-custom-color=\"false\" data-animation-delay=\"false\" data-color=\"\" data-color-gradient=\"\" style=\"\">\n<h1>TNS Partnerschaftsprogramm<\/h1>\n<\/div><div class=\"divider-wrap\" data-alignment=\"default\"><div style=\"margin-top: 20px; width: 20%px; height: 1px; margin-bottom: 20px;\" data-width=\"20%\" data-animate=\"\" data-animation-delay=\"\" data-color=\"extra-color-1\" class=\"divider-small-border\"><\/div><\/div>\n<div class=\"wpb_text_column wpb_content_element\" >\n\t<div class=\"wpb_wrapper\">\n\t\t<p>Wir bieten Ihnen eine Cloud-Plattform, samt unserer fast 20 j\u00e4hrigen Branchenerfahrung an, mit der Sie die Verwaltung und das Management Ihrer Dienstleistungen automatisieren (Rechnungs- Voucher-, Benachrichtigungs- und Buchhaltungserstellung etc.) und extrem beschleunigen.<\/p>\n\t<\/div>\n<\/div>\n\n\n\n\n\t\t<\/div> \n\t<\/div>\n\t<\/div> \n<\/div><\/div><div id=\"fws_69edcaa7bc88c\" data-midnight=\"\" data-column-margin=\"default\" class=\"wpb_row vc_row-fluid vc_row inner_row\"  style=\"padding-top: 3vw; \"><div class=\"row-bg-wrap\"> <div class=\"row-bg\" ><\/div> <\/div><div class=\"row_col_wrap_12_inner col span_12  left\">\n\t<div  class=\"vc_col-sm-12 wpb_column column_container vc_column_container col child_column has-animation no-extra-padding column_element_direction_desktop_horizontal column_element_direction_tablet_horizontal column_element_direction_phone_horizontal el_spacing_20px inherit_tablet inherit_phone mobile-disable-entrance-animation\"   data-padding-pos=\"all\" data-has-bg-color=\"false\" data-bg-color=\"\" data-bg-opacity=\"1\" data-animation=\"fade-in-from-bottom\" data-delay=\"1100\" data-animation-offset=\"100%\" >\n\t\t<div class=\"vc_column-inner\" >\n\t\t<div class=\"wpb_wrapper\">\n\t\t\t<a class=\"nectar-button large regular accent-color  regular-button\"  style=\"\"  href=\"https:\/\/travelnetsoft.de\/de\/contact\/\" data-color-override=\"false\" data-hover-color-override=\"false\" data-hover-text-color-override=\"#fff\"><span>Kontaktiere Sie uns<\/span><\/a>\n\t\t<\/div> \n\t<\/div>\n\t<\/div> \n<\/div><\/div>\n\t\t\t<\/div> \n\t\t<\/div>\n\t<\/div> \n\n\t<div  class=\"vc_col-sm-6 wpb_column column_container vc_column_container col column_position_relative el_spacing_0px left_padding_tablet_7vw top_padding_desktop_85px top_padding_tablet_30px right_padding_desktop_7vw right_padding_tablet_7vw bottom_padding_desktop_85px bottom_padding_tablet_0px\"  data-padding-pos=\"all\" data-has-bg-color=\"false\" data-bg-color=\"\" data-bg-opacity=\"1\" data-animation=\"\" data-delay=\"0\" >\n\t\t<div class=\"vc_column-inner\" >\n\t\t\t<div class=\"wpb_wrapper\">\n\t\t\t\t<div id=\"fws_69edcaa7bd0dd\" data-midnight=\"\" data-column-margin=\"default\" class=\"wpb_row vc_row-fluid vc_row inner_row  bottom_padding_phone_16pct\"  style=\"\"><div class=\"row-bg-wrap\"> <div class=\"row-bg\" ><\/div> <\/div><div class=\"row_col_wrap_12_inner col span_12  left\">\n\t<div  class=\"vc_col-sm-12 wpb_column column_container vc_column_container col child_column has-animation no-extra-padding inherit_tablet inherit_phone col-overflow-hidden mobile-disable-entrance-animation nectar-mask-reveal nectar-mask-reveal-left-dir nectar-mask-reveal-straight-shape\"   data-padding-pos=\"all\" data-has-bg-color=\"false\" data-bg-color=\"\" data-bg-opacity=\"1\" data-animation=\"mask-reveal\" data-delay=\"0\" data-animation-easing=\"easeInOutCubic\" >\n\t\t<div class=\"vc_column-inner\" >\n\t\t<div class=\"wpb_wrapper\">\n\t\t\t<div class=\"img-with-aniamtion-wrap center\" data-max-width=\"100%\" data-max-width-mobile=\"default\" data-border-radius=\"10px\" data-shadow=\"none\" data-animation=\"none\" >\n      <div class=\"inner\">\n        <div class=\"hover-wrap\"> \n          <div class=\"hover-wrap-inner\">\n            <img loading=\"lazy\" decoding=\"async\" class=\"img-with-animation skip-lazy\" data-delay=\"0\" height=\"420\" width=\"655\" data-animation=\"none\" src=\"https:\/\/travelnetsoft.de\/wp-content\/uploads\/2023\/03\/Home-header-Travel-Net-Soft-Website.jpg\" alt=\"\" srcset=\"https:\/\/travelnetsoft.de\/wp-content\/uploads\/2023\/03\/Home-header-Travel-Net-Soft-Website.jpg 655w, https:\/\/travelnetsoft.de\/wp-content\/uploads\/2023\/03\/Home-header-Travel-Net-Soft-Website-300x192.jpg 300w\" sizes=\"auto, (max-width: 655px) 100vw, 655px\" \/>\n          <\/div>\n        <\/div>\n      <\/div>\n    <\/div>\n\t\t<\/div> \n\t<\/div>\n\t<\/div> \n<\/div><\/div>\n\t\t\t<\/div> \n\t\t<\/div>\n\t<\/div> \n<\/div><\/div>\n\t\t<div id=\"fws_69edcaa7bde31\"  data-column-margin=\"none\" data-midnight=\"dark\"  class=\"wpb_row vc_row-fluid vc_row full-width-content vc_row-o-full-height vc_row-o-columns-middle vc_row-o-equal-height vc_row-flex vc_row-o-content-middle  nectar-overflow-hidden\"  style=\"padding-top: 0px; padding-bottom: 0px; \"><div class=\"row-bg-wrap\" data-bg-animation=\"none\" data-bg-animation-delay=\"\" data-bg-overlay=\"false\"><div class=\"inner-wrap row-bg-layer\" ><div class=\"row-bg viewport-desktop\"  style=\"\"><\/div><\/div><\/div><div class=\"row_col_wrap_12 col span_12 dark left\">\n\t<div  class=\"vc_col-sm-12 wpb_column column_container vc_column_container col left_padding_desktop_7vw top_padding_desktop_4vw right_padding_desktop_7vw bottom_padding_desktop_6vw\"  data-padding-pos=\"all\" data-has-bg-color=\"false\" data-bg-color=\"\" data-bg-opacity=\"1\" data-animation=\"\" data-delay=\"0\" >\n\t\t<div class=\"vc_column-inner\" >\n\t\t\t<div class=\"wpb_wrapper\">\n\t\t\t\t<div id=\"fws_69edcaa7be2a0\" data-midnight=\"\" data-column-margin=\"70px\" class=\"wpb_row vc_row-fluid vc_row inner_row  bottom_padding_phone_16pct\"  style=\"\"><div class=\"row-bg-wrap\"> <div class=\"row-bg\" ><\/div> <\/div><div class=\"row_col_wrap_12_inner col span_12  left\">\n\t<div  class=\"vc_col-sm-6 wpb_column column_container vc_column_container col child_column has-animation no-extra-padding inherit_tablet inherit_phone col-overflow-hidden mobile-disable-entrance-animation nectar-mask-reveal nectar-mask-reveal-left-dir nectar-mask-reveal-straight-shape\"   data-padding-pos=\"all\" data-has-bg-color=\"false\" data-bg-color=\"\" data-bg-opacity=\"1\" data-animation=\"mask-reveal\" data-delay=\"0\" data-animation-easing=\"easeInOutCubic\" >\n\t\t<div class=\"vc_column-inner\" >\n\t\t<div class=\"wpb_wrapper\">\n\t\t\t\n<div class=\"wpb_text_column wpb_content_element\" >\n\t<div class=\"wpb_wrapper\">\n\t\t<p>Wir bieten Ihnen eine Cloud-Plattform, samt unserer fast 20 j\u00e4hrigen Branchenerfahrung an, mit der Sie die Verwaltung und das Management, s\u00e4mtlicher Dienstleistungen die mit der Touristikbranche in Verbindung stehen k\u00f6nnen, revolutionieren.<\/p>\n<p>Als ein Unternehmen, das sich mit Technologien und Prozessoptimierungsprozessen in der Touristikbranche besch\u00e4ftigt, haben wir vor Jahren das TNS-Partnerschaftsprogramm ins Leben gerufen. Mit diesen bieten wir lokalen und regionalen Klein- und Gro\u00dfdienstleistungsunternehmen, Tourismusverb\u00e4nden und Institutionen technologische kosteng\u00fcnstige Unterst\u00fctzung in der Form eines Back-End-Systems und eines B2B-Service-Hub-Systems IN EINEM an. Hierdurch k\u00f6nnen Sie nicht nur die Verwaltung und das Management Ihrer Dienstleistungsprozesse auf ein digitales System umstellen, sondern Dienstleistungen anderer B2B Kunden nach genehmigter Erlaubnis mit nutzen (B2B-Service-HUB-System).<\/p>\n<p>Unsere L\u00f6sung ist sehr simple und f\u00fcr viele geeignet. Dabei helfen wir durch unsere Cloudl\u00f6sung allen die an der Tourismusbranche partizipieren, den Digitalisierungsprozess ohne hohe Anfangs- und Folgekosten umzusetzen und dabei mit anderen in Kooperation zu treten.<\/p>\n<p>Wir bieten Ihnen eine Cloud-Plattform, samt unserer fast 20 j\u00e4hrigen Branchenerfahrung an, mit der Sie die Verwaltung und das Management Ihrer Dienstleistungen automatisieren (Rechnungs- Voucher-, Benachrichtigungs- und Buchhaltungserstellung etc.) und extrem beschleunigen.<\/p>\n\t<\/div>\n<\/div>\n\n\n\n\n\t\t<\/div> \n\t<\/div>\n\t<\/div> \n\n\t<div  class=\"vc_col-sm-6 wpb_column column_container vc_column_container col child_column no-extra-padding inherit_tablet inherit_phone\"   data-padding-pos=\"all\" data-has-bg-color=\"false\" data-bg-color=\"\" data-bg-opacity=\"1\" data-animation=\"\" data-delay=\"0\" >\n\t\t<div class=\"vc_column-inner\" >\n\t\t<div class=\"wpb_wrapper\">\n\t\t\t\n<div class=\"wpb_text_column wpb_content_element\" >\n\t<div class=\"wpb_wrapper\">\n\t\t<p>Durch den Einsatz unserer Software profitieren Sie automatisch von unseren langj\u00e4hrig aufgebauten Fachwissen, von unseren L\u00f6sungen f\u00fcr die gr\u00f6\u00dften Probleme dieser Industrie, arbeiten kosteneffizient und haben einen technischen und fachlichen Support zur Bedienung der Anwendung an Ihrer Seite.<\/p>\n<p>Auf diese Weise schaffen wir, dass alle Beteiligten am Tourismusprozess Schritt f\u00fcr Schritt digitalisiert werden, dass Gesch\u00e4ftskosten enorm sinken, ihre Prozesse sich beschleunigen, eine Echtzeit\u00fcberwachung der Verf\u00fcgbarkeit touristischer Kapazit\u00e4ten erm\u00f6glicht wird, dass analytische und statistische Daten verf\u00fcgbar sind und die Mitarbeiter gewinnoptimierenden Prozessen sich widmen k\u00f6nnen.<\/p>\n<p>Wenn Sie ein lokales\/oder regionales Klein- und Gro\u00dfdienstleistungsunternehmen, Tourismusverband oder eine beh\u00f6rdliche Institutionen sind und daran interessiert sind, dass wir den Digitalisierungsprozess umsetzen, dann kontaktieren Sie uns ganz unverbindlich. Wir werden uns bei Ihnen melden, Ihnen alle offenen Fragen beantworten und das Potenzial mit unserer Software aufzeigen.<\/p>\n\t<\/div>\n<\/div>\n\n\n\n\n\t\t<\/div> \n\t<\/div>\n\t<\/div> \n<\/div><\/div>\n\t\t\t<\/div> \n\t\t<\/div>\n\t<\/div> \n<\/div><\/div>","protected":false},"excerpt":{"rendered":"TNS - Partnership Program We are here to offer our knowledge, technical support and practically the whole cloud platform to improve and manage the Travel Destination Management Process. Contact us...","protected":false},"author":2,"featured_media":0,"parent":0,"menu_order":0,"comment_status":"closed","ping_status":"closed","template":"","meta":{"footnotes":""},"class_list":["post-471","page","type-page","status-publish"],"yoast_head":"<!-- This site is optimized with the Yoast SEO plugin v25.1 - https:\/\/yoast.com\/wordpress\/plugins\/seo\/ -->\n<title>TNS Partnership - Travel Net Soft<\/title>\n<meta name=\"robots\" content=\"index, follow, max-snippet:-1, max-image-preview:large, max-video-preview:-1\" \/>\n<link rel=\"canonical\" href=\"https:\/\/travelnetsoft.de\/de\/tns-partnership\/\" \/>\n<meta property=\"og:locale\" content=\"de_DE\" \/>\n<meta property=\"og:type\" content=\"article\" \/>\n<meta property=\"og:title\" content=\"TNS Partnership - Travel Net Soft\" \/>\n<meta property=\"og:url\" content=\"https:\/\/travelnetsoft.de\/de\/tns-partnership\/\" \/>\n<meta property=\"og:site_name\" content=\"Travel Net Soft\" \/>\n<meta property=\"article:modified_time\" content=\"2024-02-07T10:12:06+00:00\" \/>\n<meta name=\"twitter:card\" content=\"summary_large_image\" \/>\n<meta name=\"twitter:label1\" content=\"Gesch\u00e4tzte Lesezeit\" \/>\n\t<meta name=\"twitter:data1\" content=\"9\u00a0Minuten\" \/>\n<script type=\"application\/ld+json\" class=\"yoast-schema-graph\">{\"@context\":\"https:\/\/schema.org\",\"@graph\":[{\"@type\":\"WebPage\",\"@id\":\"https:\/\/travelnetsoft.de\/tns-partnership\/\",\"url\":\"https:\/\/travelnetsoft.de\/tns-partnership\/\",\"name\":\"TNS Partnership - Travel Net Soft\",\"isPartOf\":{\"@id\":\"https:\/\/travelnetsoft.de\/#website\"},\"datePublished\":\"2024-02-07T08:18:57+00:00\",\"dateModified\":\"2024-02-07T10:12:06+00:00\",\"breadcrumb\":{\"@id\":\"https:\/\/travelnetsoft.de\/tns-partnership\/#breadcrumb\"},\"inLanguage\":\"de\",\"potentialAction\":[{\"@type\":\"ReadAction\",\"target\":[\"https:\/\/travelnetsoft.de\/tns-partnership\/\"]}]},{\"@type\":\"BreadcrumbList\",\"@id\":\"https:\/\/travelnetsoft.de\/tns-partnership\/#breadcrumb\",\"itemListElement\":[{\"@type\":\"ListItem\",\"position\":1,\"name\":\"Home\",\"item\":\"https:\/\/travelnetsoft.de\/\"},{\"@type\":\"ListItem\",\"position\":2,\"name\":\"TNS Partnership\"}]},{\"@type\":\"WebSite\",\"@id\":\"https:\/\/travelnetsoft.de\/#website\",\"url\":\"https:\/\/travelnetsoft.de\/\",\"name\":\"Travel Net Soft\",\"description\":\"\",\"potentialAction\":[{\"@type\":\"SearchAction\",\"target\":{\"@type\":\"EntryPoint\",\"urlTemplate\":\"https:\/\/travelnetsoft.de\/?s={search_term_string}\"},\"query-input\":{\"@type\":\"PropertyValueSpecification\",\"valueRequired\":true,\"valueName\":\"search_term_string\"}}],\"inLanguage\":\"de\"}]}<\/script>\n<!-- \/ Yoast SEO plugin. -->","yoast_head_json":{"title":"TNS Partnership - Travel Net Soft","robots":{"index":"index","follow":"follow","max-snippet":"max-snippet:-1","max-image-preview":"max-image-preview:large","max-video-preview":"max-video-preview:-1"},"canonical":"https:\/\/travelnetsoft.de\/de\/tns-partnership\/","og_locale":"de_DE","og_type":"article","og_title":"TNS Partnership - Travel Net Soft","og_url":"https:\/\/travelnetsoft.de\/de\/tns-partnership\/","og_site_name":"Travel Net Soft","article_modified_time":"2024-02-07T10:12:06+00:00","twitter_card":"summary_large_image","twitter_misc":{"Gesch\u00e4tzte Lesezeit":"9\u00a0Minuten"},"schema":{"@context":"https:\/\/schema.org","@graph":[{"@type":"WebPage","@id":"https:\/\/travelnetsoft.de\/tns-partnership\/","url":"https:\/\/travelnetsoft.de\/tns-partnership\/","name":"TNS Partnership - Travel Net Soft","isPartOf":{"@id":"https:\/\/travelnetsoft.de\/#website"},"datePublished":"2024-02-07T08:18:57+00:00","dateModified":"2024-02-07T10:12:06+00:00","breadcrumb":{"@id":"https:\/\/travelnetsoft.de\/tns-partnership\/#breadcrumb"},"inLanguage":"de","potentialAction":[{"@type":"ReadAction","target":["https:\/\/travelnetsoft.de\/tns-partnership\/"]}]},{"@type":"BreadcrumbList","@id":"https:\/\/travelnetsoft.de\/tns-partnership\/#breadcrumb","itemListElement":[{"@type":"ListItem","position":1,"name":"Home","item":"https:\/\/travelnetsoft.de\/"},{"@type":"ListItem","position":2,"name":"TNS Partnership"}]},{"@type":"WebSite","@id":"https:\/\/travelnetsoft.de\/#website","url":"https:\/\/travelnetsoft.de\/","name":"Travel Net Soft","description":"","potentialAction":[{"@type":"SearchAction","target":{"@type":"EntryPoint","urlTemplate":"https:\/\/travelnetsoft.de\/?s={search_term_string}"},"query-input":{"@type":"PropertyValueSpecification","valueRequired":true,"valueName":"search_term_string"}}],"inLanguage":"de"}]}},"_links":{"self":[{"href":"https:\/\/travelnetsoft.de\/de\/wp-json\/wp\/v2\/pages\/471","targetHints":{"allow":["GET"]}}],"collection":[{"href":"https:\/\/travelnetsoft.de\/de\/wp-json\/wp\/v2\/pages"}],"about":[{"href":"https:\/\/travelnetsoft.de\/de\/wp-json\/wp\/v2\/types\/page"}],"author":[{"embeddable":true,"href":"https:\/\/travelnetsoft.de\/de\/wp-json\/wp\/v2\/users\/2"}],"replies":[{"embeddable":true,"href":"https:\/\/travelnetsoft.de\/de\/wp-json\/wp\/v2\/comments?post=471"}],"version-history":[{"count":10,"href":"https:\/\/travelnetsoft.de\/de\/wp-json\/wp\/v2\/pages\/471\/revisions"}],"predecessor-version":[{"id":473,"href":"https:\/\/travelnetsoft.de\/de\/wp-json\/wp\/v2\/pages\/471\/revisions\/473"}],"wp:attachment":[{"href":"https:\/\/travelnetsoft.de\/de\/wp-json\/wp\/v2\/media?parent=471"}],"curies":[{"name":"wp","href":"https:\/\/api.w.org\/{rel}","templated":true}]}}